{"id":1298,"date":"2020-07-02T04:26:23","date_gmt":"2020-07-02T04:26:23","guid":{"rendered":"https:\/\/demo.casethemes.net\/nimmo\/?page_id=1298"},"modified":"2020-07-02T04:26:23","modified_gmt":"2020-07-02T04:26:23","slug":"blog-carousel","status":"publish","type":"page","link":"https:\/\/www.raz.com.tr\/en\/blog-carousel\/","title":{"rendered":"Blog Carousel"},"content":{"rendered":"<section class=\"wpb-content-wrapper\"><div class=\"vc_row wpb_row vc_row-fluid bg-image-ps-inherit\"><div class=\"wpb_column vc_column_container vc_col-sm-12\"><div class=\"vc_column-inner\"><div class=\"wpb_wrapper\">\n<div id=\"ct-blog-carousel\" class=\"ct-blog-carousel-layout1 owl-carousel nav-middle style-light\" data-item-xs=\"1\" data-item-sm=\"2\" data-item-md=\"2\" data-item-lg=\"3\" data-margin=\"30\" data-loop=\"true\" data-autoplay=\"false\" data-autoplaytimeout=\"5000\" data-smartspeed=\"250\" data-center=\"false\" data-arrows=\"false\" data-bullets=\"true\" data-stagepadding=\"0\" data-rtl=\"false\" >\n\n                    <div class=\"ct-carousel-item\">\n                    <div class=\"grid-item-inner\">\n                                                    <div class=\"item-featured\">\n                                <a class=\"overlay\" href=\"https:\/\/www.raz.com.tr\/en\/2023\/09\/21\/narin-besin-degeri-saglik-icin-bir-hazine\/\">\n                                    <img class=\"\" src=\"https:\/\/www.raz.com.tr\/wp-content\/uploads\/2023\/09\/images.jpeg\" width=\"309\" height=\"163\" alt=\"images\" title=\"images\" \/>                                <\/a>\n                                                            <\/div>\n                                                <div class=\"item-body\">\n                            <ul class=\"item-meta\">\n                                <li><i class=\"fa fa-calendar\"><\/i>September 21, 2023<\/li>\n                                <li><i class=\"fa fa-user\"><\/i><span>By <\/span><a href=\"https:\/\/www.raz.com.tr\/en\/author\/admin\/\" title=\"Posts by admin\" rel=\"author\">admin<\/a><\/li>\n                            <\/ul>\n                            <h3 class=\"item-title\" style=\"\">\n                                <a href=\"https:\/\/www.raz.com.tr\/en\/2023\/09\/21\/narin-besin-degeri-saglik-icin-bir-hazine\/\">Nar\u0131n Besin De\u011feri: Sa\u011fl\u0131k \u0130\u00e7in Bir Hazine<\/a>\n                            <\/h3>\n                        <\/div>\n                                                <div class=\"item-readmore\">\n                            <a class=\"btn\" href=\"https:\/\/www.raz.com.tr\/en\/2023\/09\/21\/narin-besin-degeri-saglik-icin-bir-hazine\/\">\n                                View now  \n                            <\/a>\n                        <\/div>\n                    <\/div>\n                <\/div>\n                            <div class=\"ct-carousel-item\">\n                    <div class=\"grid-item-inner\">\n                                                    <div class=\"item-featured\">\n                                <a class=\"overlay\" href=\"https:\/\/www.raz.com.tr\/en\/2023\/09\/20\/narin-en-faydali-meyveler-arasinda-yer-aldigi-bilinir-insan-vucudu-icin-narin-faydalari-saymakla-bitmiyor-nar-ilahi-kitaplarda-da-bahsedilen-bir-meyve-oldugundan-daha-da-ozel-gorulur-hatta-evlerde\/\">\n                                    <img class=\"\" src=\"https:\/\/www.raz.com.tr\/wp-content\/uploads\/2023\/09\/640x360-600x316.jpeg\" width=\"600\" height=\"316\" alt=\"Several,Ripe,Pomegranate,Fruits,And,An,Open,Pomegranate,With,Pomegranate\" title=\"Several,Ripe,Pomegranate,Fruits,And,An,Open,Pomegranate,With,Pomegranate\" \/>                                <\/a>\n                                                            <\/div>\n                                                <div class=\"item-body\">\n                            <ul class=\"item-meta\">\n                                <li><i class=\"fa fa-calendar\"><\/i>September 20, 2023<\/li>\n                                <li><i class=\"fa fa-user\"><\/i><span>By <\/span><a href=\"https:\/\/www.raz.com.tr\/en\/author\/admin\/\" title=\"Posts by admin\" rel=\"author\">admin<\/a><\/li>\n                            <\/ul>\n                            <h3 class=\"item-title\" style=\"\">\n                                <a href=\"https:\/\/www.raz.com.tr\/en\/2023\/09\/20\/narin-en-faydali-meyveler-arasinda-yer-aldigi-bilinir-insan-vucudu-icin-narin-faydalari-saymakla-bitmiyor-nar-ilahi-kitaplarda-da-bahsedilen-bir-meyve-oldugundan-daha-da-ozel-gorulur-hatta-evlerde\/\">Nar\u0131n faydalar\u0131: Nar t\u00fcketmek neye iyi gelir, faydalar\u0131 ve zararlar\u0131 neler?<\/a>\n                            <\/h3>\n                        <\/div>\n                                                <div class=\"item-readmore\">\n                            <a class=\"btn\" href=\"https:\/\/www.raz.com.tr\/en\/2023\/09\/20\/narin-en-faydali-meyveler-arasinda-yer-aldigi-bilinir-insan-vucudu-icin-narin-faydalari-saymakla-bitmiyor-nar-ilahi-kitaplarda-da-bahsedilen-bir-meyve-oldugundan-daha-da-ozel-gorulur-hatta-evlerde\/\">\n                                View now  \n                            <\/a>\n                        <\/div>\n                    <\/div>\n                <\/div>\n                            <div class=\"ct-carousel-item\">\n                    <div class=\"grid-item-inner\">\n                                                    <div class=\"item-featured\">\n                                <a class=\"overlay\" href=\"https:\/\/www.raz.com.tr\/en\/2018\/10\/18\/main-reasons-to-explan-fast-business-builder\/\">\n                                    <img class=\"\" src=\"https:\/\/www.raz.com.tr\/wp-content\/uploads\/2018\/10\/narhaber-600x316.jpg\" width=\"600\" height=\"316\" alt=\"\" title=\"\" \/>                                <\/a>\n                                                            <\/div>\n                                                <div class=\"item-body\">\n                            <ul class=\"item-meta\">\n                                <li><i class=\"fa fa-calendar\"><\/i>October 18, 2018<\/li>\n                                <li><i class=\"fa fa-user\"><\/i><span>By <\/span><a href=\"https:\/\/www.raz.com.tr\/en\/author\/admin\/\" title=\"Posts by admin\" rel=\"author\">admin<\/a><\/li>\n                            <\/ul>\n                            <h3 class=\"item-title\" style=\"\">\n                                <a href=\"https:\/\/www.raz.com.tr\/en\/2018\/10\/18\/main-reasons-to-explan-fast-business-builder\/\">Nar t\u00fcketmek kalp krizi riskini azalt\u0131yor<\/a>\n                            <\/h3>\n                        <\/div>\n                                                <div class=\"item-readmore\">\n                            <a class=\"btn\" href=\"https:\/\/www.raz.com.tr\/en\/2018\/10\/18\/main-reasons-to-explan-fast-business-builder\/\">\n                                View now  \n                            <\/a>\n                        <\/div>\n                    <\/div>\n                <\/div>\n                \n<\/div><\/div><\/div><\/div><\/div>\n<\/section>","protected":false},"excerpt":{"rendered":"Nar t\u00fcketmek kalp krizi riskini azalt\u0131yor Uzman Diyetisyen \u015eebnem Kand\u0131ral\u0131 Y\u0131ld\u0131r\u0131m, b\u00fct\u00fcn meyveler aras\u0131nda en kuvvetli antioksidan olan nar\u0131 t\u00fcketmenin kalp krizini azaltt\u0131\u011f\u0131n\u0131 belirterek nar\u0131n kan bas\u0131nc\u0131n\u0131 d\u00fc\u015f\u00fcrmeye fayda sa\u011flad\u0131\u011f\u0131n\u0131 s\u00f6yledi. Y\u0131ld\u0131r\u0131m, \"Nar suyu, a\u011fr\u0131n\u0131n azalmas\u0131na ve g\u00fc\u00e7 kazan\u0131m\u0131n\u0131n iyile\u015ftirilmesine yard\u0131mc\u0131 olabilmekte, ayr\u0131ca aterosklerotik plaklar\u0131 (damar sertle\u015fmesi) tersine \u00e7evirmede etkili oldu\u011fu bulunmu\u015ftur\" diye konu\u015ftu. Uzman [...]","protected":false},"author":1,"featured_media":0,"parent":0,"menu_order":0,"comment_status":"closed","ping_status":"closed","template":"","meta":{"footnotes":""},"aioseo_notices":[],"_links":{"self":[{"href":"https:\/\/www.raz.com.tr\/en\/wp-json\/wp\/v2\/pages\/1298"}],"collection":[{"href":"https:\/\/www.raz.com.tr\/en\/wp-json\/wp\/v2\/pages"}],"about":[{"href":"https:\/\/www.raz.com.tr\/en\/wp-json\/wp\/v2\/types\/page"}],"author":[{"embeddable":true,"href":"https:\/\/www.raz.com.tr\/en\/wp-json\/wp\/v2\/users\/1"}],"replies":[{"embeddable":true,"href":"https:\/\/www.raz.com.tr\/en\/wp-json\/wp\/v2\/comments?post=1298"}],"version-history":[{"count":0,"href":"https:\/\/www.raz.com.tr\/en\/wp-json\/wp\/v2\/pages\/1298\/revisions"}],"wp:attachment":[{"href":"https:\/\/www.raz.com.tr\/en\/wp-json\/wp\/v2\/media?parent=1298"}],"curies":[{"name":"wp","href":"https:\/\/api.w.org\/{rel}","templated":true}]}}